{"id":8751,"date":"2023-06-12T10:57:21","date_gmt":"2023-06-12T08:57:21","guid":{"rendered":"https:\/\/shop.sonbrull.com\/producto\/moment-365-restaurant-6\/"},"modified":"2024-03-11T15:14:52","modified_gmt":"2024-03-11T14:14:52","slug":"moment-365-restaurant-6","status":"publish","type":"product","link":"https:\/\/spa.bellaplaya.com\/de\/producto\/moment-365-restaurant-6\/","title":{"rendered":"Moment 365 Restaurant 6"},"content":{"rendered":"<div class=\"wpb-content-wrapper\"><p>[vc_row][vc_column width=&#8220;1\/3&#8243;][vc_column_text woodmart_inline=&#8220;no&#8220; text_larger=&#8220;no&#8220;]<strong>Inklusive<\/strong><br \/>\nAbendessen mit 6-G\u00e4nge-Degustationsmen\u00fc im 3\/65 Restaurant.<br \/>\nPassende Weine, Wasser und Kaffee\/Aufg\u00fcsse.[\/vc_column_text][\/vc_column][vc_column width=&#8220;1\/3&#8243;][vc_column_text woodmart_inline=&#8220;no&#8220; text_larger=&#8220;no&#8220;]<strong>G\u00fcltigkeit<\/strong><br \/>\n2 Jahre.<\/p>\n<p><strong>Nutzungsbedingungen<\/strong><br \/>\nJe nach Verf\u00fcgbarkeit. Bei vorheriger Reservierung durch direkte Kontaktaufnahme per E-Mail info@sonbrull.com oder Telefon +34 971535353 unter Angabe der MOMENT-Referenznummer.<br \/>\nDas Originaldokument muss am reservierten Tag vorgelegt werden.[\/vc_column_text][\/vc_column][vc_column width=&#8220;1\/3&#8243;][vc_column_text woodmart_inline=&#8220;no&#8220; text_larger=&#8220;no&#8220;]<strong>Entrega<\/strong><br \/>\n1. Por correo electr\u00f3nico con documento adjunto en formato pdf (foto): incluido.<br \/>\nLos MOMENTS por correo electr\u00f3nico se env\u00edan inmediatamente despu\u00e9s de la compra. El MOMENT se adjunta en formato PDF y se env\u00eda por separado del correo electr\u00f3nico de confirmaci\u00f3n de pedido. Para garantizar la entrega, agrega noreply@sonbrull.com a tu lista de remitentes seguros.<br \/>\n2. Paquete regalo con recogida en Son Brull (foto): suplemento 10\u20ac.[\/vc_column_text][\/vc_column][\/vc_row]<\/p>\n<\/div>","protected":false},"excerpt":{"rendered":"<p>Schenken Sie das mallorquinische Gastronomieerlebnis mit dem 6-G\u00e4nge-Degustationsmen\u00fc<\/p>\n<p>F\u00fcr 2 Personen<\/p>\n<p>Abendessen mit 6-G\u00e4nge-Degustationsmen\u00fc im 3\/65 Restaurant.<br \/>\nPassende Weine, Wasser und Kaffee\/Aufg\u00fcsse.<\/p>\n","protected":false},"featured_media":8614,"template":"","meta":[],"product_cat":[113,110],"product_tag":[],"class_list":{"0":"post-8751","1":"product","2":"type-product","3":"status-publish","4":"has-post-thumbnail","6":"product_cat-geschenke","7":"product_cat-moments-de","9":"first","10":"instock","11":"sold-individually","12":"taxable","13":"shipping-taxable","14":"purchasable","15":"product-type-simple"},"_links":{"self":[{"href":"https:\/\/spa.bellaplaya.com\/de\/wp-json\/wp\/v2\/product\/8751","targetHints":{"allow":["GET"]}}],"collection":[{"href":"https:\/\/spa.bellaplaya.com\/de\/wp-json\/wp\/v2\/product"}],"about":[{"href":"https:\/\/spa.bellaplaya.com\/de\/wp-json\/wp\/v2\/types\/product"}],"wp:featuredmedia":[{"embeddable":true,"href":"https:\/\/spa.bellaplaya.com\/de\/wp-json\/wp\/v2\/media\/8614"}],"wp:attachment":[{"href":"https:\/\/spa.bellaplaya.com\/de\/wp-json\/wp\/v2\/media?parent=8751"}],"wp:term":[{"taxonomy":"product_cat","embeddable":true,"href":"https:\/\/spa.bellaplaya.com\/de\/wp-json\/wp\/v2\/product_cat?post=8751"},{"taxonomy":"product_tag","embeddable":true,"href":"https:\/\/spa.bellaplaya.com\/de\/wp-json\/wp\/v2\/product_tag?post=8751"}],"curies":[{"name":"wp","href":"https:\/\/api.w.org\/{rel}","templated":true}]}}