{"id":8778,"date":"2023-06-12T11:05:11","date_gmt":"2023-06-12T09:05:11","guid":{"rendered":"https:\/\/shop.sonbrull.com\/producto\/moment-mati-a-son-brull\/"},"modified":"2024-03-11T15:14:27","modified_gmt":"2024-03-11T14:14:27","slug":"moment-mati-a-son-brull","status":"publish","type":"product","link":"https:\/\/spa.bellaplaya.com\/de\/producto\/moment-mati-a-son-brull\/","title":{"rendered":"Moment Mat\u00ed a Son Brull"},"content":{"rendered":"<div class=\"wpb-content-wrapper\"><p>[vc_row][vc_column width=&#8220;1\/3&#8243;][vc_column_text woodmart_inline=&#8220;no&#8220; text_larger=&#8220;no&#8220;]<strong>Incluye<\/strong><br \/>\nToda una ma\u00f1ana en Son Brull con acceso a todas las instalaciones del Hotel y Spa.<br \/>\nSesi\u00f3n de yoga en grupo a las 9:00h.<br \/>\nDesayuno Buffet Son Brull.<br \/>\nTratamiento de 60 min. en nuestro Santuario de Bienestar.[\/vc_column_text][\/vc_column][vc_column width=&#8220;1\/3&#8243;][vc_column_text woodmart_inline=&#8220;no&#8220; text_larger=&#8220;no&#8220;]<strong>G\u00fcltigkeit<\/strong><br \/>\n2 Jahre.<\/p>\n<p><strong>Nutzungsbedingungen<\/strong><br \/>\nJe nach Verf\u00fcgbarkeit. Bei vorheriger Reservierung durch direkte Kontaktaufnahme per E-Mail info@sonbrull.com oder Telefon +34 971535353 unter Angabe der MOMENT-Referenznummer.<br \/>\nDas Originaldokument muss am reservierten Tag vorgelegt werden.[\/vc_column_text][\/vc_column][vc_column width=&#8220;1\/3&#8243;][vc_column_text woodmart_inline=&#8220;no&#8220; text_larger=&#8220;no&#8220;]<strong>Entrega<\/strong><br \/>\n1. Por correo electr\u00f3nico con documento adjunto en formato pdf (foto): incluido.<br \/>\nLos MOMENTS por correo electr\u00f3nico se env\u00edan inmediatamente despu\u00e9s de la compra. El MOMENT se adjunta en formato PDF y se env\u00eda por separado del correo electr\u00f3nico de confirmaci\u00f3n de pedido. Para garantizar la entrega, agrega noreply@sonbrull.com a tu lista de remitentes seguros.<br \/>\n2. Paquete regalo con recogida en Son Brull (foto): suplemento 10\u20ac.[\/vc_column_text][\/vc_column][\/vc_row]<\/p>\n<\/div>","protected":false},"excerpt":{"rendered":"<p>Schenken Sie einen Vormittag und genie\u00dfen Sie alles, was Son Brull zu bieten hat<\/p>\n<p>F\u00fcr 2 Personen<\/p>\n<p>Ein ganzer Vormittag in Son Brull mit Zugang zu allen Hotel- und Spa-Einrichtungen.<br \/>\nGruppen-Yoga-Sitzung um 9:00 Uhr.<br \/>\nSon Brull Fr\u00fchst\u00fccksbuffet.<br \/>\n60-min\u00fctige Behandlung. in unserem Wellness-Sanctuary.<\/p>\n","protected":false},"featured_media":8626,"template":"","meta":[],"product_cat":[113,110],"product_tag":[],"class_list":{"0":"post-8778","1":"product","2":"type-product","3":"status-publish","4":"has-post-thumbnail","6":"product_cat-geschenke","7":"product_cat-moments-de","9":"first","10":"instock","11":"sold-individually","12":"taxable","13":"shipping-taxable","14":"purchasable","15":"product-type-simple"},"_links":{"self":[{"href":"https:\/\/spa.bellaplaya.com\/de\/wp-json\/wp\/v2\/product\/8778","targetHints":{"allow":["GET"]}}],"collection":[{"href":"https:\/\/spa.bellaplaya.com\/de\/wp-json\/wp\/v2\/product"}],"about":[{"href":"https:\/\/spa.bellaplaya.com\/de\/wp-json\/wp\/v2\/types\/product"}],"wp:featuredmedia":[{"embeddable":true,"href":"https:\/\/spa.bellaplaya.com\/de\/wp-json\/wp\/v2\/media\/8626"}],"wp:attachment":[{"href":"https:\/\/spa.bellaplaya.com\/de\/wp-json\/wp\/v2\/media?parent=8778"}],"wp:term":[{"taxonomy":"product_cat","embeddable":true,"href":"https:\/\/spa.bellaplaya.com\/de\/wp-json\/wp\/v2\/product_cat?post=8778"},{"taxonomy":"product_tag","embeddable":true,"href":"https:\/\/spa.bellaplaya.com\/de\/wp-json\/wp\/v2\/product_tag?post=8778"}],"curies":[{"name":"wp","href":"https:\/\/api.w.org\/{rel}","templated":true}]}}