{"id":8754,"date":"2023-06-12T11:00:18","date_gmt":"2023-06-12T09:00:18","guid":{"rendered":"https:\/\/shop.sonbrull.com\/producto\/moment-365-restaurant-8\/"},"modified":"2024-02-05T17:38:51","modified_gmt":"2024-02-05T16:38:51","slug":"moment-365-restaurant-8","status":"publish","type":"product","link":"https:\/\/spa.bellaplaya.com\/en\/producto\/moment-365-restaurant-8\/","title":{"rendered":"Moment 365 Restaurant 8"},"content":{"rendered":"<div class=\"wpb-content-wrapper\"><p>[vc_row][vc_column width=&#8221;1\/3&#8243;][vc_column_text woodmart_inline=&#8221;no&#8221; text_larger=&#8221;no&#8221;]<strong>Includes<\/strong><br \/>\nDinner with an 8-course tasting menu at the 3\/65 Restaurant.<br \/>\nPairing of wines, waters and coffees\/infusions.[\/vc_column_text][\/vc_column][vc_column width=&#8221;1\/3&#8243;][vc_column_text woodmart_inline=&#8221;no&#8221; text_larger=&#8221;no&#8221;]<strong>Validity<\/strong><br \/>\n2 year.<\/p>\n<p><strong>Conditions of use<\/strong><br \/>\nSubject to availability. With prior reservation by contacting directly via email info@sonbrull.com or telephone +34 971535353, providing the MOMENT reference number.<br \/>\nThe original document must be presented on the reserved day.[\/vc_column_text][\/vc_column][vc_column width=&#8221;1\/3&#8243;][vc_column_text woodmart_inline=&#8221;no&#8221; text_larger=&#8221;no&#8221;]<strong>Entrega<\/strong><br \/>\n1. Por correo electr\u00f3nico con documento adjunto en formato pdf (foto): incluido.<br \/>\nLos MOMENTS por correo electr\u00f3nico se env\u00edan inmediatamente despu\u00e9s de la compra. El MOMENT se adjunta en formato PDF y se env\u00eda por separado del correo electr\u00f3nico de confirmaci\u00f3n de pedido. Para garantizar la entrega, agrega noreply@sonbrull.com a tu lista de remitentes seguros.<br \/>\n2. Paquete regalo con recogida en Son Brull (foto): suplemento 10\u20ac.[\/vc_column_text][\/vc_column][\/vc_row]<\/p>\n<\/div>","protected":false},"excerpt":{"rendered":"<p>Give the gift of the Mallorcan gastronomic experience of the 8-course tasting menu<\/p>\n<p>For 2 persons<\/p>\n<p>Dinner with an 8-course tasting menu at the 3\/65 Restaurant.<br \/>\nPairing of wines, waters and coffees\/infusions.<\/p>\n","protected":false},"featured_media":8616,"template":"","meta":[],"product_cat":[99,85],"product_tag":[],"class_list":{"0":"post-8754","1":"product","2":"type-product","3":"status-publish","4":"has-post-thumbnail","6":"product_cat-gifts","7":"product_cat-moments-en","9":"first","10":"instock","11":"sold-individually","12":"taxable","13":"shipping-taxable","14":"purchasable","15":"product-type-simple"},"_links":{"self":[{"href":"https:\/\/spa.bellaplaya.com\/en\/wp-json\/wp\/v2\/product\/8754","targetHints":{"allow":["GET"]}}],"collection":[{"href":"https:\/\/spa.bellaplaya.com\/en\/wp-json\/wp\/v2\/product"}],"about":[{"href":"https:\/\/spa.bellaplaya.com\/en\/wp-json\/wp\/v2\/types\/product"}],"wp:featuredmedia":[{"embeddable":true,"href":"https:\/\/spa.bellaplaya.com\/en\/wp-json\/wp\/v2\/media\/8616"}],"wp:attachment":[{"href":"https:\/\/spa.bellaplaya.com\/en\/wp-json\/wp\/v2\/media?parent=8754"}],"wp:term":[{"taxonomy":"product_cat","embeddable":true,"href":"https:\/\/spa.bellaplaya.com\/en\/wp-json\/wp\/v2\/product_cat?post=8754"},{"taxonomy":"product_tag","embeddable":true,"href":"https:\/\/spa.bellaplaya.com\/en\/wp-json\/wp\/v2\/product_tag?post=8754"}],"curies":[{"name":"wp","href":"https:\/\/api.w.org\/{rel}","templated":true}]}}